{"id":2471,"date":"2025-01-15T19:01:59","date_gmt":"2025-01-15T19:01:59","guid":{"rendered":"https:\/\/apediversacademy.com\/politica-de-privacidad\/"},"modified":"2026-01-26T02:20:43","modified_gmt":"2026-01-26T02:20:43","slug":"politica-de-privacidad","status":"publish","type":"page","link":"https:\/\/apediversacademy.com\/es\/politica-de-privacidad\/","title":{"rendered":"Pol\u00edtica de privacidad"},"content":{"rendered":"<p>[et_pb_section fb_built=\u00bb1&#8243; _builder_version=\u00bb4.17.4&#8243; _module_preset=\u00bbdefault\u00bb background_color=\u00bb#182a33&#8243; global_colors_info=\u00bb{}\u00bb][et_pb_row _builder_version=\u00bb4.17.4&#8243; _module_preset=\u00bbdefault\u00bb global_colors_info=\u00bb{}\u00bb][et_pb_column type=\u00bb4_4&#8243; _builder_version=\u00bb4.17.4&#8243; _module_preset=\u00bbdefault\u00bb global_colors_info=\u00bb{}\u00bb][et_pb_text _builder_version=\u00bb4.17.4&#8243; _module_preset=\u00bbdefault\u00bb text_text_color=\u00bb#FFFFFF\u00bb header_font=\u00bbOswald||||||||\u00bb header_text_color=\u00bb#ffdd00&#8243; header_2_font=\u00bbOswald||||||||\u00bb header_2_text_color=\u00bb#FFFFFF\u00bb header_2_font_size=\u00bb25px\u00bb header_2_line_height=\u00bb1.3em\u00bb header_4_font=\u00bbOswald||||||||\u00bb header_4_text_color=\u00bb#ffdd00&#8243; header_4_font_size=\u00bb25px\u00bb custom_padding=\u00bb||64px|||\u00bb header_2_font_size_tablet=\u00bb32px\u00bb header_2_font_size_phone=\u00bb20px\u00bb header_2_font_size_last_edited=\u00bbon|phone\u00bb global_colors_info=\u00bb{}\u00bb]<\/p>\n<h1>Pol\u00edtica de Privacidad<\/h1>\n<h2>En APE Divers Academy valoramos tu privacidad y estamos comprometidos a proteger tu informaci\u00f3n personal.<\/h2>\n<h2>Esta Pol\u00edtica de Privacidad describe c\u00f3mo recopilamos, usamos y protegemos tus datos en cumplimiento con las leyes aplicables.<\/h2>\n<hr \/>\n<h4><strong><\/strong><\/h4>\n<h4><strong>1. Informaci\u00f3n que Recopilamos<\/strong><\/h4>\n<p>Podemos recopilar la siguiente informaci\u00f3n personal:<\/p>\n<ul>\n<li>Nombre<\/li>\n<li>Correo electr\u00f3nico<\/li>\n<li>N\u00famero de tel\u00e9fono<\/li>\n<\/ul>\n<p>Esta informaci\u00f3n se recopila cuando realizas reservaciones, te suscribes a nuestras actualizaciones o nos contactas con consultas.<\/p>\n<hr \/>\n<h4><strong><\/strong><\/h4>\n<h4><strong>2. C\u00f3mo Usamos Tu Informaci\u00f3n<\/strong><\/h4>\n<p>Usamos tu informaci\u00f3n personal para los siguientes fines:<\/p>\n<ul>\n<li>Procesar reservaciones y suscripciones.<\/li>\n<li>Proporcionar informaci\u00f3n sobre cursos, actividades y actualizaciones relacionadas con nuestros servicios.<\/li>\n<\/ul>\n<hr \/>\n<h4><strong><\/strong><\/h4>\n<h4><strong>3. Compartici\u00f3n de Informaci\u00f3n<\/strong><\/h4>\n<p>No vendemos ni compartimos tu informaci\u00f3n personal con terceros.<\/p>\n<hr \/>\n<h4><strong><\/strong><\/h4>\n<h4><strong>4. Cookies y Tecnolog\u00edas de Rastreo<\/strong><\/h4>\n<p>Actualmente no usamos cookies ni otras tecnolog\u00edas de rastreo en nuestro sitio web. Si implementamos cookies en el futuro, esta pol\u00edtica se actualizar\u00e1 en consecuencia.<\/p>\n<hr \/>\n<h4><strong><\/strong><\/h4>\n<h4><strong>5. Seguridad de los Datos<\/strong><\/h4>\n<p>Implementamos servidores seguros y otras medidas de protecci\u00f3n para resguardar tu informaci\u00f3n personal contra acceso no autorizado, alteraci\u00f3n, divulgaci\u00f3n o destrucci\u00f3n.<\/p>\n<hr \/>\n<h4><strong><\/strong><\/h4>\n<h4><strong>6. Tus Derechos<\/strong><\/h4>\n<p>Tienes derecho a:<\/p>\n<ul>\n<li>Solicitar acceso a los datos personales que tenemos sobre ti.<\/li>\n<li>Solicitar la correcci\u00f3n o eliminaci\u00f3n de tus datos enviando un correo a <a href=\"mailto:contact@apedivers.com\"><span style=\"color: #ffff00;\"><strong>info@apediversacademy.com<\/strong>.<\/span><\/a><\/li>\n<\/ul>\n<hr \/>\n<h4><strong><\/strong><\/h4>\n<h4><strong>7. Privacidad de Menores<\/strong><\/h4>\n<p>No recopilamos intencionalmente informaci\u00f3n personal de menores de 18 a\u00f1os sin el consentimiento de su padre, madre o tutor legal. Las actividades de buceo que involucren a menores requieren autorizaci\u00f3n expl\u00edcita de su padre, madre o tutor legal.<\/p>\n<hr \/>\n<h4><strong><\/strong><\/h4>\n<h4><strong>8. Transferencias Internacionales<\/strong><\/h4>\n<p>No transferimos tus datos personales a ubicaciones fuera de M\u00e9xico.<\/p>\n<hr \/>\n<h4><strong><\/strong><\/h4>\n<h4><strong>9. Informaci\u00f3n de Contacto<\/strong><\/h4>\n<p>Para preguntas, solicitudes o inquietudes sobre esta Pol\u00edtica de Privacidad o sobre c\u00f3mo manejamos tus datos personales, por favor cont\u00e1ctanos:<\/p>\n<ul>\n<li><strong>Tel\u00e9fono<\/strong>: <span style=\"color: #ffff00;\"><a href=\"https:\/\/wa.me\/529982152897\" style=\"color: #ffff00;\" target=\"_blank\" rel=\"noopener\">+52 1 998 215 2897<\/a><\/span><\/li>\n<li><strong>Email<\/strong>: <span style=\"color: #ffff00;\"><a style=\"color: #ffff00;\" href=\"mailto:info@apediversacademy.com\">info@apediversacademy.com<\/a><\/span><\/li>\n<\/ul>\n<hr \/>\n<h4><strong><\/strong><\/h4>\n<h4><strong>10. Disputas y Jurisdicci\u00f3n Legal<\/strong><\/h4>\n<p>En caso de una disputa relacionada con el manejo de tu informaci\u00f3n personal, te recomendamos que primero nos contactes para resolver el asunto de manera amistosa. Si es necesario, las disputas se regir\u00e1n por las leyes de <strong>Canc\u00fan, Quintana Roo, M\u00e9xico<\/strong>, y ser\u00e1n atendidas por los tribunales competentes en esta jurisdicci\u00f3n.<\/p>\n<hr \/>\n<h4><strong><\/strong><\/h4>\n<h4><strong>11. Actualizaciones de la Pol\u00edtica<\/strong><\/h4>\n<p>Nos reservamos el derecho de actualizar o modificar esta Pol\u00edtica de Privacidad en cualquier momento. Cualquier cambio ser\u00e1 efectivo inmediatamente al publicarse en nuestro sitio web. Te recomendamos revisar esta pol\u00edtica peri\u00f3dicamente para mantenerte informado sobre c\u00f3mo protegemos tu informaci\u00f3n personal.<\/p>\n<p>[\/et_pb_text][\/et_pb_column][\/et_pb_row][\/et_pb_section]<\/p>\n","protected":false},"excerpt":{"rendered":"<p>Pol\u00edtica de Privacidad En APE Divers Academy valoramos tu privacidad y estamos comprometidos a proteger tu informaci\u00f3n personal. Esta Pol\u00edtica de Privacidad describe c\u00f3mo recopilamos, usamos y protegemos tus datos en cumplimiento con las leyes aplicables. 1. Informaci\u00f3n que Recopilamos Podemos recopilar la siguiente informaci\u00f3n personal: Nombre Correo electr\u00f3nico N\u00famero de tel\u00e9fono Esta informaci\u00f3n se [&hellip;]<\/p>\n","protected":false},"author":1,"featured_media":0,"parent":0,"menu_order":0,"comment_status":"closed","ping_status":"closed","template":"","meta":{"_et_pb_use_builder":"on","_et_pb_old_content":"","_et_gb_content_width":"","_monsterinsights_skip_tracking":false,"_monsterinsights_sitenote_active":false,"_monsterinsights_sitenote_note":"","_monsterinsights_sitenote_category":0,"footnotes":""},"class_list":["post-2471","page","type-page","status-publish","hentry"],"_links":{"self":[{"href":"https:\/\/apediversacademy.com\/es\/wp-json\/wp\/v2\/pages\/2471","targetHints":{"allow":["GET"]}}],"collection":[{"href":"https:\/\/apediversacademy.com\/es\/wp-json\/wp\/v2\/pages"}],"about":[{"href":"https:\/\/apediversacademy.com\/es\/wp-json\/wp\/v2\/types\/page"}],"author":[{"embeddable":true,"href":"https:\/\/apediversacademy.com\/es\/wp-json\/wp\/v2\/users\/1"}],"replies":[{"embeddable":true,"href":"https:\/\/apediversacademy.com\/es\/wp-json\/wp\/v2\/comments?post=2471"}],"version-history":[{"count":5,"href":"https:\/\/apediversacademy.com\/es\/wp-json\/wp\/v2\/pages\/2471\/revisions"}],"predecessor-version":[{"id":2834,"href":"https:\/\/apediversacademy.com\/es\/wp-json\/wp\/v2\/pages\/2471\/revisions\/2834"}],"wp:attachment":[{"href":"https:\/\/apediversacademy.com\/es\/wp-json\/wp\/v2\/media?parent=2471"}],"curies":[{"name":"wp","href":"https:\/\/api.w.org\/{rel}","templated":true}]}}